{"id":4409,"date":"2025-03-13T12:26:56","date_gmt":"2025-03-13T12:26:56","guid":{"rendered":"https:\/\/www.speedcar.ee\/toode\/power-tec-usb-ladattava-muovinkorjaus-sarja\/"},"modified":"2025-03-13T12:26:56","modified_gmt":"2025-03-13T12:26:56","slug":"power-tec-usb-ladattava-muovinkorjaus-sarja","status":"publish","type":"product","link":"https:\/\/www.speedcar.ee\/fi\/toode\/power-tec-usb-ladattava-muovinkorjaus-sarja\/","title":{"rendered":"POWER-TEC USB-LADATTAVA MUOVINKORJAUS SARJA"},"content":{"rendered":"<p class=\"mt-1\">Laadukas, USB-ladattava ja johdoton muovinkorjaussarja. 3,5h latausaika antaa 35minuuttia ty\u00f6skentelyaikaa tai 150-200 kuumaniitti\u00e4.<\/p>\n<ul>\n<li>Sarja sis\u00e4lt\u00e4\u00e4: USB laturi, Li-ion battery (2400mAh).<\/li>\n<li>Kuumaniittik\u00e4rki, muovikorjausk\u00e4rki, muovikorjausk\u00e4rki ohjurilla, 12 muovikorjaus tankoa 150mm (ABS, PP, PE, PS) 3 kpl ruostumaton ter\u00e4s verkkoa (50x 100mm), Ter\u00e4sniittej\u00e4 (50kpl 0,08mm ja 50kpl 0,06mm)<\/li>\n<li>USB<\/li>\n<li>Latausaika 3,5 tuntia<\/li>\n<li>Sis\u00e4inen latauskortti suojaa ylilataukselta <\/li>\n<\/ul>\n","protected":false},"excerpt":{"rendered":"<p>Laadukas, USB-ladattava ja johdoton muovinkorjaussarja. 3,5h latausaika antaa 35minuuttia ty\u00f6skentelyaikaa tai 150-200 kuumaniitti\u00e4. Sarja sis\u00e4lt\u00e4\u00e4: USB laturi, Li-ion battery (2400mAh). Kuumaniittik\u00e4rki, muovikorjausk\u00e4rki, muovikorjausk\u00e4rki ohjurilla, 12 muovikorjaus tankoa 150mm (ABS, PP, PE, PS) 3 kpl ruostumaton ter\u00e4s verkkoa (50x 100mm), Ter\u00e4sniittej\u00e4 (50kpl 0,08mm ja 50kpl 0,06mm) USB Latausaika 3,5 tuntia Sis\u00e4inen latauskortti suojaa ylilataukselta<\/p>\n","protected":false},"featured_media":4386,"template":"","meta":{"_monsterinsights_skip_tracking":false,"_monsterinsights_sitenote_active":false,"_monsterinsights_sitenote_note":"","_monsterinsights_sitenote_category":0,"site-sidebar-layout":"default","site-content-layout":"","ast-site-content-layout":"default","site-content-style":"default","site-sidebar-style":"default","ast-global-header-display":"","ast-banner-title-visibility":"","ast-main-header-display":"","ast-hfb-above-header-display":"","ast-hfb-below-header-display":"","ast-hfb-mobile-header-display":"","site-post-title":"","ast-breadcrumbs-content":"","ast-featured-img":"","footer-sml-layout":"","ast-disable-related-posts":"","theme-transparent-header-meta":"default","adv-header-id-meta":"","stick-header-meta":"","header-above-stick-meta":"","header-main-stick-meta":"","header-below-stick-meta":"","astra-migrate-meta-layouts":"default","ast-page-background-enabled":"default","ast-page-background-meta":{"desktop":{"background-color":"","background-image":"","background-repeat":"repeat","background-position":"center center","background-size":"auto","background-attachment":"scroll","background-type":"","background-media":"","overlay-type":"","overlay-color":"","overlay-opacity":"","overlay-gradient":""},"tablet":{"background-color":"","background-image":"","background-repeat":"repeat","background-position":"center center","background-size":"auto","background-attachment":"scroll","background-type":"","background-media":"","overlay-type":"","overlay-color":"","overlay-opacity":"","overlay-gradient":""},"mobile":{"background-color":"","background-image":"","background-repeat":"repeat","background-position":"center center","background-size":"auto","background-attachment":"scroll","background-type":"","background-media":"","overlay-type":"","overlay-color":"","overlay-opacity":"","overlay-gradient":""}},"ast-content-background-meta":{"desktop":{"background-color":"var(--ast-global-color-5)","background-image":"","background-repeat":"repeat","background-position":"center center","background-size":"auto","background-attachment":"scroll","background-type":"","background-media":"","overlay-type":"","overlay-color":"","overlay-opacity":"","overlay-gradient":""},"tablet":{"background-color":"var(--ast-global-color-5)","background-image":"","background-repeat":"repeat","background-position":"center center","background-size":"auto","background-attachment":"scroll","background-type":"","background-media":"","overlay-type":"","overlay-color":"","overlay-opacity":"","overlay-gradient":""},"mobile":{"background-color":"var(--ast-global-color-5)","background-image":"","background-repeat":"repeat","background-position":"center center","background-size":"auto","background-attachment":"scroll","background-type":"","background-media":"","overlay-type":"","overlay-color":"","overlay-opacity":"","overlay-gradient":""}}},"product_brand":[],"product_cat":[288,383],"product_tag":[],"class_list":{"0":"post-4409","1":"product","2":"type-product","3":"status-publish","4":"has-post-thumbnail","6":"product_cat-uusi-2025","7":"product_cat-tyokalut","8":"desktop-align-right","9":"tablet-align-left","10":"mobile-align-left","12":"first","13":"onbackorder","14":"taxable","15":"shipping-taxable","16":"purchasable","17":"product-type-simple"},"aioseo_notices":[],"jetpack_sharing_enabled":true,"_links":{"self":[{"href":"https:\/\/www.speedcar.ee\/fi\/wp-json\/wp\/v2\/product\/4409","targetHints":{"allow":["GET"]}}],"collection":[{"href":"https:\/\/www.speedcar.ee\/fi\/wp-json\/wp\/v2\/product"}],"about":[{"href":"https:\/\/www.speedcar.ee\/fi\/wp-json\/wp\/v2\/types\/product"}],"wp:featuredmedia":[{"embeddable":true,"href":"https:\/\/www.speedcar.ee\/fi\/wp-json\/wp\/v2\/media\/4386"}],"wp:attachment":[{"href":"https:\/\/www.speedcar.ee\/fi\/wp-json\/wp\/v2\/media?parent=4409"}],"wp:term":[{"taxonomy":"product_brand","embeddable":true,"href":"https:\/\/www.speedcar.ee\/fi\/wp-json\/wp\/v2\/product_brand?post=4409"},{"taxonomy":"product_cat","embeddable":true,"href":"https:\/\/www.speedcar.ee\/fi\/wp-json\/wp\/v2\/product_cat?post=4409"},{"taxonomy":"product_tag","embeddable":true,"href":"https:\/\/www.speedcar.ee\/fi\/wp-json\/wp\/v2\/product_tag?post=4409"}],"curies":[{"name":"wp","href":"https:\/\/api.w.org\/{rel}","templated":true}]}}