{"id":4067,"date":"2025-01-10T20:43:14","date_gmt":"2025-01-10T20:43:14","guid":{"rendered":"https:\/\/www.speedcar.ee\/toode\/xtrem-olka-akseli-tukivarsi-kit-14-paivaa-ylimaaraista-toimitusaikaa\/"},"modified":"2025-01-10T20:43:14","modified_gmt":"2025-01-10T20:43:14","slug":"xtrem-olka-akseli-tukivarsi-kit-14-paivaa-ylimaaraista-toimitusaikaa","status":"publish","type":"product","link":"https:\/\/www.speedcar.ee\/fi\/toode\/xtrem-olka-akseli-tukivarsi-kit-14-paivaa-ylimaaraista-toimitusaikaa\/","title":{"rendered":"XTREM OLKA-AKSELI &amp; TUKIVARSI KIT +14 p\u00e4iv\u00e4\u00e4 ylim\u00e4\u00e4r\u00e4ist\u00e4 toimitusaikaa !!!"},"content":{"rendered":"<p>Mallit ennen vuotta 2017. T\u00e4m\u00e4 tuote ei ole loppu varastosta. Jos sinulla on aikaa odottaa ylim\u00e4\u00e4r\u00e4ist\u00e4 14 p\u00e4iv\u00e4\u00e4, voimme valmistaa sen sinulle! S\u00e4\u00e4st\u00e4t 100\u20ac normaalihinnasta.   <\/p>\n<p>Helppo tapa p\u00e4ivitt\u00e4\u00e4 Xtrem. Teimme Wonder-takapylv\u00e4\u00e4t Xtremiin sopiviksi. Very strog 7000 -sarjan alumiiniosat ovat luotettavia ja testattuja kausi 2024.  &nbsp; Rally Nordic X, FIA Euroopan autocross, Viron rallicrossin mestaruus. Sinun tarvitsee vain vaihtaa ylempi takatukivarsi, joka sis\u00e4ltyy sarjaan. Voit k\u00e4ytt\u00e4\u00e4 alkuper\u00e4isi\u00e4 lokasuojasi. T\u00e4m\u00e4n ylemm\u00e4n tukivarren avulla on helppo s\u00e4\u00e4t\u00e4\u00e4 takapy\u00f6r\u00e4n kallistusta.   <\/p>\n","protected":false},"excerpt":{"rendered":"<p>Mallit ennen vuotta 2017. T\u00e4m\u00e4 tuote ei ole loppu varastosta. Jos sinulla on aikaa odottaa ylim\u00e4\u00e4r\u00e4ist\u00e4 14 p\u00e4iv\u00e4\u00e4, voimme valmistaa sen sinulle! S\u00e4\u00e4st\u00e4t 100\u20ac normaalihinnasta. Helppo tapa p\u00e4ivitt\u00e4\u00e4 Xtrem. Teimme Wonder-takapylv\u00e4\u00e4t Xtremiin sopiviksi. Very strog 7000 -sarjan alumiiniosat ovat luotettavia ja testattuja kausi 2024. &nbsp; Rally Nordic X, FIA Euroopan autocross, Viron rallicrossin mestaruus. Sinun [&hellip;]<\/p>\n","protected":false},"featured_media":4068,"template":"","meta":{"_monsterinsights_skip_tracking":false,"_monsterinsights_sitenote_active":false,"_monsterinsights_sitenote_note":"","_monsterinsights_sitenote_category":0,"site-sidebar-layout":"default","site-content-layout":"","ast-site-content-layout":"default","site-content-style":"default","site-sidebar-style":"default","ast-global-header-display":"","ast-banner-title-visibility":"","ast-main-header-display":"","ast-hfb-above-header-display":"","ast-hfb-below-header-display":"","ast-hfb-mobile-header-display":"","site-post-title":"","ast-breadcrumbs-content":"","ast-featured-img":"","footer-sml-layout":"","ast-disable-related-posts":"","theme-transparent-header-meta":"default","adv-header-id-meta":"","stick-header-meta":"","header-above-stick-meta":"","header-main-stick-meta":"","header-below-stick-meta":"","astra-migrate-meta-layouts":"default","ast-page-background-enabled":"default","ast-page-background-meta":{"desktop":{"background-color":"","background-image":"","background-repeat":"repeat","background-position":"center center","background-size":"auto","background-attachment":"scroll","background-type":"","background-media":"","overlay-type":"","overlay-color":"","overlay-opacity":"","overlay-gradient":""},"tablet":{"background-color":"","background-image":"","background-repeat":"repeat","background-position":"center center","background-size":"auto","background-attachment":"scroll","background-type":"","background-media":"","overlay-type":"","overlay-color":"","overlay-opacity":"","overlay-gradient":""},"mobile":{"background-color":"","background-image":"","background-repeat":"repeat","background-position":"center center","background-size":"auto","background-attachment":"scroll","background-type":"","background-media":"","overlay-type":"","overlay-color":"","overlay-opacity":"","overlay-gradient":""}},"ast-content-background-meta":{"desktop":{"background-color":"var(--ast-global-color-5)","background-image":"","background-repeat":"repeat","background-position":"center center","background-size":"auto","background-attachment":"scroll","background-type":"","background-media":"","overlay-type":"","overlay-color":"","overlay-opacity":"","overlay-gradient":""},"tablet":{"background-color":"var(--ast-global-color-5)","background-image":"","background-repeat":"repeat","background-position":"center center","background-size":"auto","background-attachment":"scroll","background-type":"","background-media":"","overlay-type":"","overlay-color":"","overlay-opacity":"","overlay-gradient":""},"mobile":{"background-color":"var(--ast-global-color-5)","background-image":"","background-repeat":"repeat","background-position":"center center","background-size":"auto","background-attachment":"scroll","background-type":"","background-media":"","overlay-type":"","overlay-color":"","overlay-opacity":"","overlay-gradient":""}}},"product_brand":[],"product_cat":[288,293,287],"product_tag":[292,294,289,291],"class_list":{"0":"post-4067","1":"product","2":"type-product","3":"status-publish","4":"has-post-thumbnail","6":"product_cat-uusi-2025","7":"product_cat-myynti","8":"product_cat-crosskart-xtrem-fi","9":"product_tag-2025-fi","10":"product_tag-crosscart-xtrem-fi","11":"product_tag-kevyt-paino","12":"product_tag-ligur-machining-fi","13":"desktop-align-right","14":"tablet-align-left","15":"mobile-align-left","17":"first","18":"instock","19":"sale","20":"taxable","21":"shipping-taxable","22":"purchasable","23":"product-type-simple"},"aioseo_notices":[],"jetpack_sharing_enabled":true,"_links":{"self":[{"href":"https:\/\/www.speedcar.ee\/fi\/wp-json\/wp\/v2\/product\/4067","targetHints":{"allow":["GET"]}}],"collection":[{"href":"https:\/\/www.speedcar.ee\/fi\/wp-json\/wp\/v2\/product"}],"about":[{"href":"https:\/\/www.speedcar.ee\/fi\/wp-json\/wp\/v2\/types\/product"}],"wp:featuredmedia":[{"embeddable":true,"href":"https:\/\/www.speedcar.ee\/fi\/wp-json\/wp\/v2\/media\/4068"}],"wp:attachment":[{"href":"https:\/\/www.speedcar.ee\/fi\/wp-json\/wp\/v2\/media?parent=4067"}],"wp:term":[{"taxonomy":"product_brand","embeddable":true,"href":"https:\/\/www.speedcar.ee\/fi\/wp-json\/wp\/v2\/product_brand?post=4067"},{"taxonomy":"product_cat","embeddable":true,"href":"https:\/\/www.speedcar.ee\/fi\/wp-json\/wp\/v2\/product_cat?post=4067"},{"taxonomy":"product_tag","embeddable":true,"href":"https:\/\/www.speedcar.ee\/fi\/wp-json\/wp\/v2\/product_tag?post=4067"}],"curies":[{"name":"wp","href":"https:\/\/api.w.org\/{rel}","templated":true}]}}