{"id":4066,"date":"2025-02-10T17:22:30","date_gmt":"2025-02-10T17:22:30","guid":{"rendered":"https:\/\/www.speedcar.ee\/toode\/xtrem-upright-wishbone-kit-2017\/"},"modified":"2025-02-10T17:22:30","modified_gmt":"2025-02-10T17:22:30","slug":"xtrem-upright-wishbone-kit-2017","status":"publish","type":"product","link":"https:\/\/www.speedcar.ee\/fi\/toode\/xtrem-upright-wishbone-kit-2017\/","title":{"rendered":"XTREM UPRIGHT &amp; WISHBONE KIT 2017+"},"content":{"rendered":"<p>Mallit vuoden 2017 j\u00e4lkeen. Helppo tapa p\u00e4ivitt\u00e4\u00e4 Xtrem. Teimme Wonder-takapylv\u00e4\u00e4t Xtremiin sopiviksi. Eritt\u00e4in kova 7000 -sarjan alumiiniosat ovat luotettavia ja testattuja kausi 2024.   &nbsp; Rally Nordic X, FIA Euroopan autocross, Viron rallicrossin mestaruus. Sinun tarvitsee vain vaihtaa ylempi takatukivarsi, joka sis\u00e4ltyy sarjaan. Voit k\u00e4ytt\u00e4\u00e4 alkuper\u00e4isi\u00e4 lokasuojasi. T\u00e4m\u00e4n ylemm\u00e4n tukivarren avulla on helppo s\u00e4\u00e4t\u00e4\u00e4 takapy\u00f6r\u00e4n kallistusta.   <\/p>\n","protected":false},"excerpt":{"rendered":"<p>Mallit vuoden 2017 j\u00e4lkeen. Helppo tapa p\u00e4ivitt\u00e4\u00e4 Xtrem. Teimme Wonder-takapylv\u00e4\u00e4t Xtremiin sopiviksi. Eritt\u00e4in kova 7000 -sarjan alumiiniosat ovat luotettavia ja testattuja kausi 2024. &nbsp; Rally Nordic X, FIA Euroopan autocross, Viron rallicrossin mestaruus. Sinun tarvitsee vain vaihtaa ylempi takatukivarsi, joka sis\u00e4ltyy sarjaan. Voit k\u00e4ytt\u00e4\u00e4 alkuper\u00e4isi\u00e4 lokasuojasi. T\u00e4m\u00e4n ylemm\u00e4n tukivarren avulla on helppo s\u00e4\u00e4t\u00e4\u00e4 takapy\u00f6r\u00e4n kallistusta.<\/p>\n","protected":false},"featured_media":3623,"template":"","meta":{"_monsterinsights_skip_tracking":false,"_monsterinsights_sitenote_active":false,"_monsterinsights_sitenote_note":"","_monsterinsights_sitenote_category":0,"site-sidebar-layout":"default","site-content-layout":"","ast-site-content-layout":"default","site-content-style":"default","site-sidebar-style":"default","ast-global-header-display":"","ast-banner-title-visibility":"","ast-main-header-display":"","ast-hfb-above-header-display":"","ast-hfb-below-header-display":"","ast-hfb-mobile-header-display":"","site-post-title":"","ast-breadcrumbs-content":"","ast-featured-img":"","footer-sml-layout":"","ast-disable-related-posts":"","theme-transparent-header-meta":"default","adv-header-id-meta":"","stick-header-meta":"","header-above-stick-meta":"","header-main-stick-meta":"","header-below-stick-meta":"","astra-migrate-meta-layouts":"default","ast-page-background-enabled":"default","ast-page-background-meta":{"desktop":{"background-color":"","background-image":"","background-repeat":"repeat","background-position":"center center","background-size":"auto","background-attachment":"scroll","background-type":"","background-media":"","overlay-type":"","overlay-color":"","overlay-opacity":"","overlay-gradient":""},"tablet":{"background-color":"","background-image":"","background-repeat":"repeat","background-position":"center center","background-size":"auto","background-attachment":"scroll","background-type":"","background-media":"","overlay-type":"","overlay-color":"","overlay-opacity":"","overlay-gradient":""},"mobile":{"background-color":"","background-image":"","background-repeat":"repeat","background-position":"center center","background-size":"auto","background-attachment":"scroll","background-type":"","background-media":"","overlay-type":"","overlay-color":"","overlay-opacity":"","overlay-gradient":""}},"ast-content-background-meta":{"desktop":{"background-color":"var(--ast-global-color-5)","background-image":"","background-repeat":"repeat","background-position":"center center","background-size":"auto","background-attachment":"scroll","background-type":"","background-media":"","overlay-type":"","overlay-color":"","overlay-opacity":"","overlay-gradient":""},"tablet":{"background-color":"var(--ast-global-color-5)","background-image":"","background-repeat":"repeat","background-position":"center center","background-size":"auto","background-attachment":"scroll","background-type":"","background-media":"","overlay-type":"","overlay-color":"","overlay-opacity":"","overlay-gradient":""},"mobile":{"background-color":"var(--ast-global-color-5)","background-image":"","background-repeat":"repeat","background-position":"center center","background-size":"auto","background-attachment":"scroll","background-type":"","background-media":"","overlay-type":"","overlay-color":"","overlay-opacity":"","overlay-gradient":""}}},"product_brand":[],"product_cat":[288,287],"product_tag":[292,290,289,291],"class_list":{"0":"post-4066","1":"product","2":"type-product","3":"status-publish","4":"has-post-thumbnail","6":"product_cat-uusi-2025","7":"product_cat-crosskart-xtrem-fi","8":"product_tag-2025-fi","9":"product_tag-crosskart-xtrem-fi","10":"product_tag-kevyt-paino","11":"product_tag-ligur-machining-fi","12":"desktop-align-right","13":"tablet-align-left","14":"mobile-align-left","16":"first","17":"instock","18":"taxable","19":"shipping-taxable","20":"purchasable","21":"product-type-simple"},"aioseo_notices":[],"jetpack_sharing_enabled":true,"_links":{"self":[{"href":"https:\/\/www.speedcar.ee\/fi\/wp-json\/wp\/v2\/product\/4066","targetHints":{"allow":["GET"]}}],"collection":[{"href":"https:\/\/www.speedcar.ee\/fi\/wp-json\/wp\/v2\/product"}],"about":[{"href":"https:\/\/www.speedcar.ee\/fi\/wp-json\/wp\/v2\/types\/product"}],"wp:featuredmedia":[{"embeddable":true,"href":"https:\/\/www.speedcar.ee\/fi\/wp-json\/wp\/v2\/media\/3623"}],"wp:attachment":[{"href":"https:\/\/www.speedcar.ee\/fi\/wp-json\/wp\/v2\/media?parent=4066"}],"wp:term":[{"taxonomy":"product_brand","embeddable":true,"href":"https:\/\/www.speedcar.ee\/fi\/wp-json\/wp\/v2\/product_brand?post=4066"},{"taxonomy":"product_cat","embeddable":true,"href":"https:\/\/www.speedcar.ee\/fi\/wp-json\/wp\/v2\/product_cat?post=4066"},{"taxonomy":"product_tag","embeddable":true,"href":"https:\/\/www.speedcar.ee\/fi\/wp-json\/wp\/v2\/product_tag?post=4066"}],"curies":[{"name":"wp","href":"https:\/\/api.w.org\/{rel}","templated":true}]}}