{"id":1973,"date":"2023-11-24T08:20:04","date_gmt":"2023-11-24T08:20:04","guid":{"rendered":"https:\/\/www.speedcar.ee\/?post_type=product&#038;p=1973"},"modified":"2025-06-17T13:29:26","modified_gmt":"2025-06-17T13:29:26","slug":"bosch-aku-laadija","status":"publish","type":"product","link":"https:\/\/www.speedcar.ee\/fi\/toode\/bosch-aku-laadija\/","title":{"rendered":"BOSCH AKU LAADIJA"},"content":{"rendered":"<ul>\n<li>M\u00f5eldud 6 ja 12 V akude laadimiseks autodele ja mootorratastele.<\/li>\n<li>Laadija on t\u00e4isautomaatne ja nelja re\u017eiimi valimine v\u00f5ib m\u00f5jutada laadimisprotsessi ennast.<\/li>\n<li>Eraldi funktsioon on l\u00fclitusre\u017eiim koos madala laadimisega<\/li>\n<li>C3 laadija sobib akudele, mille v\u00f5imsus on 1,2\u201314 Ah ja pinge 6 V.<\/li>\n<li>12 V juures sobib see akudele, mahuga 1,2-120 Ah.<\/li>\n<li>Sobib pliiakudele, millel on elektrol\u00fc\u00fctide disain WET, AGM, GEL v\u00f5i VRLA.<\/li>\n<li>Aku maht 120 Ah.<\/li>\n<li>Pikkus: 185 mm.<\/li>\n<li>Laius: 81 mm.<\/li>\n<li>K\u00f5rgus: 55 mm.<\/li>\n<li>Kaal: 0,95 kg.<\/li>\n<li>Sisendpinge: 220 V.<\/li>\n<li>Laadimisvool: 3,8 A.<\/li>\n<\/ul>\n","protected":false},"excerpt":{"rendered":"<p>Sobib h\u00e4sti krosskardi laadimiseks. Komplektis kiirotsaga ilmastikukindel juhe, mille saad kinnitada kardi aku klemmidele. Kui vaja laadida, pistad kiirotsa kardi k\u00fcljes olevasse pistikusse ja ongi krokodillid unustatud! Kardi poolseid juhtmeid saab eraldi juurde tellida.<\/p>\n","protected":false},"featured_media":1974,"template":"","meta":{"_monsterinsights_skip_tracking":false,"_monsterinsights_sitenote_active":false,"_monsterinsights_sitenote_note":"","_monsterinsights_sitenote_category":0,"site-sidebar-layout":"default","site-content-layout":"","ast-site-content-layout":"default","site-content-style":"default","site-sidebar-style":"default","ast-global-header-display":"","ast-banner-title-visibility":"","ast-main-header-display":"","ast-hfb-above-header-display":"","ast-hfb-below-header-display":"","ast-hfb-mobile-header-display":"","site-post-title":"","ast-breadcrumbs-content":"","ast-featured-img":"","footer-sml-layout":"","ast-disable-related-posts":"","theme-transparent-header-meta":"default","adv-header-id-meta":"","stick-header-meta":"","header-above-stick-meta":"","header-main-stick-meta":"","header-below-stick-meta":"","astra-migrate-meta-layouts":"set","ast-page-background-enabled":"default","ast-page-background-meta":{"desktop":{"background-color":"","background-image":"","background-repeat":"repeat","background-position":"center center","background-size":"auto","background-attachment":"scroll","background-type":"","background-media":"","overlay-type":"","overlay-color":"","overlay-opacity":"","overlay-gradient":""},"tablet":{"background-color":"","background-image":"","background-repeat":"repeat","background-position":"center center","background-size":"auto","background-attachment":"scroll","background-type":"","background-media":"","overlay-type":"","overlay-color":"","overlay-opacity":"","overlay-gradient":""},"mobile":{"background-color":"","background-image":"","background-repeat":"repeat","background-position":"center center","background-size":"auto","background-attachment":"scroll","background-type":"","background-media":"","overlay-type":"","overlay-color":"","overlay-opacity":"","overlay-gradient":""}},"ast-content-background-meta":{"desktop":{"background-color":"var(--ast-global-color-5)","background-image":"","background-repeat":"repeat","background-position":"center center","background-size":"auto","background-attachment":"scroll","background-type":"","background-media":"","overlay-type":"","overlay-color":"","overlay-opacity":"","overlay-gradient":""},"tablet":{"background-color":"var(--ast-global-color-5)","background-image":"","background-repeat":"repeat","background-position":"center center","background-size":"auto","background-attachment":"scroll","background-type":"","background-media":"","overlay-type":"","overlay-color":"","overlay-opacity":"","overlay-gradient":""},"mobile":{"background-color":"var(--ast-global-color-5)","background-image":"","background-repeat":"repeat","background-position":"center center","background-size":"auto","background-attachment":"scroll","background-type":"","background-media":"","overlay-type":"","overlay-color":"","overlay-opacity":"","overlay-gradient":""}}},"product_brand":[],"product_cat":[17,46],"product_tag":[],"class_list":{"0":"post-1973","1":"product","2":"type-product","3":"status-publish","4":"has-post-thumbnail","6":"product_cat-sale","7":"product_cat-elekter","8":"desktop-align-right","9":"tablet-align-left","10":"mobile-align-left","12":"first","13":"instock","14":"sale","15":"taxable","16":"shipping-taxable","17":"purchasable","18":"product-type-simple"},"aioseo_notices":[],"jetpack_sharing_enabled":true,"_links":{"self":[{"href":"https:\/\/www.speedcar.ee\/fi\/wp-json\/wp\/v2\/product\/1973","targetHints":{"allow":["GET"]}}],"collection":[{"href":"https:\/\/www.speedcar.ee\/fi\/wp-json\/wp\/v2\/product"}],"about":[{"href":"https:\/\/www.speedcar.ee\/fi\/wp-json\/wp\/v2\/types\/product"}],"wp:featuredmedia":[{"embeddable":true,"href":"https:\/\/www.speedcar.ee\/fi\/wp-json\/wp\/v2\/media\/1974"}],"wp:attachment":[{"href":"https:\/\/www.speedcar.ee\/fi\/wp-json\/wp\/v2\/media?parent=1973"}],"wp:term":[{"taxonomy":"product_brand","embeddable":true,"href":"https:\/\/www.speedcar.ee\/fi\/wp-json\/wp\/v2\/product_brand?post=1973"},{"taxonomy":"product_cat","embeddable":true,"href":"https:\/\/www.speedcar.ee\/fi\/wp-json\/wp\/v2\/product_cat?post=1973"},{"taxonomy":"product_tag","embeddable":true,"href":"https:\/\/www.speedcar.ee\/fi\/wp-json\/wp\/v2\/product_tag?post=1973"}],"curies":[{"name":"wp","href":"https:\/\/api.w.org\/{rel}","templated":true}]}}