{"id":1911,"date":"2023-11-21T06:21:41","date_gmt":"2023-11-21T06:21:41","guid":{"rendered":"https:\/\/www.speedcar.ee\/?post_type=product&#038;p=1911"},"modified":"2024-12-12T15:59:00","modified_gmt":"2024-12-12T15:59:00","slug":"ohufiltri-pesuaine","status":"publish","type":"product","link":"https:\/\/www.speedcar.ee\/fi\/toode\/ohufiltri-pesuaine\/","title":{"rendered":"\u00d5hufiltri pesuaine"},"content":{"rendered":"<p>Efektiivne puhastusvahend mootorrataste \u00f5hufiltrite puhastamiseks. Toode on lahustivaba, bioloogiliselt lagunev ja tulekindel. Eelsegatud ja valmis koheseks kasutamiseks. Puhastamiseks aseta filter lahusesse. Lase ainel toimida paar minutit ja seej\u00e4rel loputa puhta veega. Seej\u00e4rel v\u00e4\u00e4na elemendist vesi v\u00e4lja ja lase kuivada, ning immuta Motorex Air Filter Oil`ga. Enne kasutamist tugevasti loksutada!<\/p>\n","protected":false},"excerpt":{"rendered":"<p>Efektiivne puhastusvahend mootorrataste \u00f5hufiltrite puhastamiseks. Toode on lahustivaba, bioloogiliselt lagunev ja tulekindel. Eelsegatud ja valmis koheseks kasutamiseks. Puhastamiseks aseta filter lahusesse. Lase ainel toimida paar minutit ja seej\u00e4rel loputa puhta veega. Seej\u00e4rel v\u00e4\u00e4na elemendist vesi v\u00e4lja ja lase kuivada, ning immuta Motorex Air Filter Oil`ga. Enne kasutamist tugevasti loksutada!<\/p>\n","protected":false},"featured_media":1910,"template":"","meta":{"_monsterinsights_skip_tracking":false,"_monsterinsights_sitenote_active":false,"_monsterinsights_sitenote_note":"","_monsterinsights_sitenote_category":0,"site-sidebar-layout":"default","site-content-layout":"","ast-site-content-layout":"default","site-content-style":"default","site-sidebar-style":"default","ast-global-header-display":"","ast-banner-title-visibility":"","ast-main-header-display":"","ast-hfb-above-header-display":"","ast-hfb-below-header-display":"","ast-hfb-mobile-header-display":"","site-post-title":"","ast-breadcrumbs-content":"","ast-featured-img":"","footer-sml-layout":"","ast-disable-related-posts":"","theme-transparent-header-meta":"default","adv-header-id-meta":"","stick-header-meta":"","header-above-stick-meta":"","header-main-stick-meta":"","header-below-stick-meta":"","astra-migrate-meta-layouts":"set","ast-page-background-enabled":"default","ast-page-background-meta":{"desktop":{"background-color":"","background-image":"","background-repeat":"repeat","background-position":"center center","background-size":"auto","background-attachment":"scroll","background-type":"","background-media":"","overlay-type":"","overlay-color":"","overlay-opacity":"","overlay-gradient":""},"tablet":{"background-color":"","background-image":"","background-repeat":"repeat","background-position":"center center","background-size":"auto","background-attachment":"scroll","background-type":"","background-media":"","overlay-type":"","overlay-color":"","overlay-opacity":"","overlay-gradient":""},"mobile":{"background-color":"","background-image":"","background-repeat":"repeat","background-position":"center center","background-size":"auto","background-attachment":"scroll","background-type":"","background-media":"","overlay-type":"","overlay-color":"","overlay-opacity":"","overlay-gradient":""}},"ast-content-background-meta":{"desktop":{"background-color":"var(--ast-global-color-5)","background-image":"","background-repeat":"repeat","background-position":"center center","background-size":"auto","background-attachment":"scroll","background-type":"","background-media":"","overlay-type":"","overlay-color":"","overlay-opacity":"","overlay-gradient":""},"tablet":{"background-color":"var(--ast-global-color-5)","background-image":"","background-repeat":"repeat","background-position":"center center","background-size":"auto","background-attachment":"scroll","background-type":"","background-media":"","overlay-type":"","overlay-color":"","overlay-opacity":"","overlay-gradient":""},"mobile":{"background-color":"var(--ast-global-color-5)","background-image":"","background-repeat":"repeat","background-position":"center center","background-size":"auto","background-attachment":"scroll","background-type":"","background-media":"","overlay-type":"","overlay-color":"","overlay-opacity":"","overlay-gradient":""}}},"product_brand":[],"product_cat":[33],"product_tag":[],"class_list":{"0":"post-1911","1":"product","2":"type-product","3":"status-publish","4":"has-post-thumbnail","6":"product_cat-maardeained","7":"desktop-align-right","8":"tablet-align-left","9":"mobile-align-left","11":"first","12":"instock","13":"taxable","14":"shipping-taxable","15":"purchasable","16":"product-type-simple"},"aioseo_notices":[],"jetpack_sharing_enabled":true,"_links":{"self":[{"href":"https:\/\/www.speedcar.ee\/fi\/wp-json\/wp\/v2\/product\/1911","targetHints":{"allow":["GET"]}}],"collection":[{"href":"https:\/\/www.speedcar.ee\/fi\/wp-json\/wp\/v2\/product"}],"about":[{"href":"https:\/\/www.speedcar.ee\/fi\/wp-json\/wp\/v2\/types\/product"}],"wp:featuredmedia":[{"embeddable":true,"href":"https:\/\/www.speedcar.ee\/fi\/wp-json\/wp\/v2\/media\/1910"}],"wp:attachment":[{"href":"https:\/\/www.speedcar.ee\/fi\/wp-json\/wp\/v2\/media?parent=1911"}],"wp:term":[{"taxonomy":"product_brand","embeddable":true,"href":"https:\/\/www.speedcar.ee\/fi\/wp-json\/wp\/v2\/product_brand?post=1911"},{"taxonomy":"product_cat","embeddable":true,"href":"https:\/\/www.speedcar.ee\/fi\/wp-json\/wp\/v2\/product_cat?post=1911"},{"taxonomy":"product_tag","embeddable":true,"href":"https:\/\/www.speedcar.ee\/fi\/wp-json\/wp\/v2\/product_tag?post=1911"}],"curies":[{"name":"wp","href":"https:\/\/api.w.org\/{rel}","templated":true}]}}