{"id":1890,"date":"2023-11-20T11:31:23","date_gmt":"2023-11-20T11:31:23","guid":{"rendered":"https:\/\/www.speedcar.ee\/toode\/mootorioli-motorex-10w-50\/"},"modified":"2024-12-12T16:02:10","modified_gmt":"2024-12-12T16:02:10","slug":"mootorioli-motorex-10w-50","status":"publish","type":"product","link":"https:\/\/www.speedcar.ee\/fi\/toode\/mootorioli-motorex-10w-50\/","title":{"rendered":"Mootori\u00f5li Motorex 10w 50"},"content":{"rendered":"<p>T\u00e4iss\u00fcnteetiline, tippkvaliteediga spetsiaalne mootori\u00f5li 4-taktilistele mootoritele,<br \/>\nmis t\u00f6\u00f6tavad ekstreemsetes tingimustes. M\u00f5eldud ennek\u00f5ike suurtel p\u00f6\u00f6retel ja koormustel t\u00f6\u00f6tavatele uue p\u00f5lvkonna hyper-sport mootorratastele v\u00f5istlustingimustes kasutamiseks. Erilisandid tagavad m\u00e4rgsiduri h\u00e4ireteta t\u00f6\u00f6<br \/>\nning maksimaalse kaitse k\u00e4igukastile. JASO MA-2; API SN \/ SM \/ SL<\/p>\n","protected":false},"excerpt":{"rendered":"<p>T\u00e4iss\u00fcnteetiline, tippkvaliteediga spetsiaalne mootori\u00f5li 4-taktilistele mootoritele, mis t\u00f6\u00f6tavad ekstreemsetes tingimustes. M\u00f5eldud ennek\u00f5ike suurtel p\u00f6\u00f6retel ja koormustel t\u00f6\u00f6tavatele uue p\u00f5lvkonna hyper-sport mootorratastele v\u00f5istlustingimustes kasutamiseks. Erilisandid tagavad m\u00e4rgsiduri h\u00e4ireteta t\u00f6\u00f6 ning maksimaalse kaitse k\u00e4igukastile. JASO MA-2; API SN \/ SM \/ SL<\/p>\n","protected":false},"featured_media":1889,"template":"","meta":{"_monsterinsights_skip_tracking":false,"_monsterinsights_sitenote_active":false,"_monsterinsights_sitenote_note":"","_monsterinsights_sitenote_category":0,"site-sidebar-layout":"default","site-content-layout":"","ast-site-content-layout":"default","site-content-style":"default","site-sidebar-style":"default","ast-global-header-display":"","ast-banner-title-visibility":"","ast-main-header-display":"","ast-hfb-above-header-display":"","ast-hfb-below-header-display":"","ast-hfb-mobile-header-display":"","site-post-title":"","ast-breadcrumbs-content":"","ast-featured-img":"","footer-sml-layout":"","ast-disable-related-posts":"","theme-transparent-header-meta":"default","adv-header-id-meta":"","stick-header-meta":"","header-above-stick-meta":"","header-main-stick-meta":"","header-below-stick-meta":"","astra-migrate-meta-layouts":"set","ast-page-background-enabled":"default","ast-page-background-meta":{"desktop":{"background-color":"","background-image":"","background-repeat":"repeat","background-position":"center center","background-size":"auto","background-attachment":"scroll","background-type":"","background-media":"","overlay-type":"","overlay-color":"","overlay-opacity":"","overlay-gradient":""},"tablet":{"background-color":"","background-image":"","background-repeat":"repeat","background-position":"center center","background-size":"auto","background-attachment":"scroll","background-type":"","background-media":"","overlay-type":"","overlay-color":"","overlay-opacity":"","overlay-gradient":""},"mobile":{"background-color":"","background-image":"","background-repeat":"repeat","background-position":"center center","background-size":"auto","background-attachment":"scroll","background-type":"","background-media":"","overlay-type":"","overlay-color":"","overlay-opacity":"","overlay-gradient":""}},"ast-content-background-meta":{"desktop":{"background-color":"var(--ast-global-color-5)","background-image":"","background-repeat":"repeat","background-position":"center center","background-size":"auto","background-attachment":"scroll","background-type":"","background-media":"","overlay-type":"","overlay-color":"","overlay-opacity":"","overlay-gradient":""},"tablet":{"background-color":"var(--ast-global-color-5)","background-image":"","background-repeat":"repeat","background-position":"center center","background-size":"auto","background-attachment":"scroll","background-type":"","background-media":"","overlay-type":"","overlay-color":"","overlay-opacity":"","overlay-gradient":""},"mobile":{"background-color":"var(--ast-global-color-5)","background-image":"","background-repeat":"repeat","background-position":"center center","background-size":"auto","background-attachment":"scroll","background-type":"","background-media":"","overlay-type":"","overlay-color":"","overlay-opacity":"","overlay-gradient":""}}},"product_brand":[],"product_cat":[33],"product_tag":[],"class_list":{"0":"post-1890","1":"product","2":"type-product","3":"status-publish","4":"has-post-thumbnail","6":"product_cat-maardeained","7":"desktop-align-right","8":"tablet-align-left","9":"mobile-align-left","11":"first","12":"instock","13":"taxable","14":"shipping-taxable","15":"purchasable","16":"product-type-simple"},"aioseo_notices":[],"jetpack_sharing_enabled":true,"_links":{"self":[{"href":"https:\/\/www.speedcar.ee\/fi\/wp-json\/wp\/v2\/product\/1890","targetHints":{"allow":["GET"]}}],"collection":[{"href":"https:\/\/www.speedcar.ee\/fi\/wp-json\/wp\/v2\/product"}],"about":[{"href":"https:\/\/www.speedcar.ee\/fi\/wp-json\/wp\/v2\/types\/product"}],"wp:featuredmedia":[{"embeddable":true,"href":"https:\/\/www.speedcar.ee\/fi\/wp-json\/wp\/v2\/media\/1889"}],"wp:attachment":[{"href":"https:\/\/www.speedcar.ee\/fi\/wp-json\/wp\/v2\/media?parent=1890"}],"wp:term":[{"taxonomy":"product_brand","embeddable":true,"href":"https:\/\/www.speedcar.ee\/fi\/wp-json\/wp\/v2\/product_brand?post=1890"},{"taxonomy":"product_cat","embeddable":true,"href":"https:\/\/www.speedcar.ee\/fi\/wp-json\/wp\/v2\/product_cat?post=1890"},{"taxonomy":"product_tag","embeddable":true,"href":"https:\/\/www.speedcar.ee\/fi\/wp-json\/wp\/v2\/product_tag?post=1890"}],"curies":[{"name":"wp","href":"https:\/\/api.w.org\/{rel}","templated":true}]}}