{"id":4742,"date":"2023-12-15T06:13:27","date_gmt":"2023-12-15T06:13:27","guid":{"rendered":"https:\/\/www.speedcar.ee\/me-tuemme\/"},"modified":"2025-04-12T14:13:09","modified_gmt":"2025-04-12T14:13:09","slug":"me-tuemme","status":"publish","type":"page","link":"https:\/\/www.speedcar.ee\/fi\/me-tuemme\/","title":{"rendered":"Sponssi"},"content":{"rendered":"<p>[vc_row][vc_column][vc_column_text css=&#8221;&#8221;]<strong>Liity kanssamme t\u00e4lle matkalle tukemaan ja inspiroimaan seuraavan sukupolven moottoriurheilun harrastajia!<\/strong>[\/vc_column_text][\/vc_column][\/vc_row][vc_row][vc_column width=&#8221;1\/4&#8243;][vc_column_text css=&#8221;&#8221;]<img fetchpriority=\"high\" decoding=\"async\" class=\"size-medium wp-image-2058 aligncenter\" src=\"https:\/\/www.speedcar.ee\/wp-content\/uploads\/2023\/12\/IMG_4179-300x225.jpeg\" alt=\"\" width=\"300\" height=\"225\" srcset=\"https:\/\/www.speedcar.ee\/wp-content\/uploads\/2023\/12\/IMG_4179-300x225.jpeg 300w, https:\/\/www.speedcar.ee\/wp-content\/uploads\/2023\/12\/IMG_4179-1024x768.jpeg 1024w, https:\/\/www.speedcar.ee\/wp-content\/uploads\/2023\/12\/IMG_4179-768x576.jpeg 768w, https:\/\/www.speedcar.ee\/wp-content\/uploads\/2023\/12\/IMG_4179-1536x1152.jpeg 1536w, https:\/\/www.speedcar.ee\/wp-content\/uploads\/2023\/12\/IMG_4179-2048x1536.jpeg 2048w, https:\/\/www.speedcar.ee\/wp-content\/uploads\/2023\/12\/IMG_4179-1320x990.jpeg 1320w, https:\/\/www.speedcar.ee\/wp-content\/uploads\/2023\/12\/IMG_4179-600x450.jpeg 600w, https:\/\/www.speedcar.ee\/wp-content\/uploads\/2023\/12\/IMG_4179-scaled.jpeg 1920w\" sizes=\"(max-width: 300px) 100vw, 300px\" \/>[\/vc_column_text][\/vc_column][vc_column width=&#8221;3\/4&#8243;][vc_column_text css=&#8221;&#8221;]<strong>2023 Geir Genor Muttik. <\/strong>J\u00e4\u00e4rata Cup -kilpailut Crosskart 125. 1. sija. Viron rallicrossissa 2. sija. Autimme Genoria valmistautumaan Crosskartiin, analysoimaan telemetriatietoja, j\u00e4rjest\u00e4m\u00e4\u00e4n koulutusta ja l\u00f6yt\u00e4m\u00e4\u00e4n tarvittavat sedimentit.[\/vc_column_text][\/vc_column][vc_column][\/vc_column][\/vc_row][vc_row][vc_column width=&#8221;1\/4&#8243;][vc_column_text css=&#8221;&#8221;]<img decoding=\"async\" class=\"size-medium wp-image-2056 aligncenter\" src=\"https:\/\/www.speedcar.ee\/wp-content\/uploads\/2023\/12\/IMG_6110-225x300.jpeg\" alt=\"\" width=\"225\" height=\"300\" srcset=\"https:\/\/www.speedcar.ee\/wp-content\/uploads\/2023\/12\/IMG_6110-225x300.jpeg 225w, https:\/\/www.speedcar.ee\/wp-content\/uploads\/2023\/12\/IMG_6110-768x1024.jpeg 768w, https:\/\/www.speedcar.ee\/wp-content\/uploads\/2023\/12\/IMG_6110-1152x1536.jpeg 1152w, https:\/\/www.speedcar.ee\/wp-content\/uploads\/2023\/12\/IMG_6110-1536x2048.jpeg 1536w, https:\/\/www.speedcar.ee\/wp-content\/uploads\/2023\/12\/IMG_6110-1320x1760.jpeg 1320w, https:\/\/www.speedcar.ee\/wp-content\/uploads\/2023\/12\/IMG_6110-600x800.jpeg 600w, https:\/\/www.speedcar.ee\/wp-content\/uploads\/2023\/12\/IMG_6110-scaled.jpeg 1440w\" sizes=\"(max-width: 225px) 100vw, 225px\" \/>[\/vc_column_text][\/vc_column][vc_column width=&#8221;3\/4&#8243;][vc_column_text css=&#8221;&#8221;]<strong>2023 Martin Juga. Rally Nordic X <\/strong> 6. sija kauden yhteenvedossa. Tuimme Martinia paikan p\u00e4\u00e4ll\u00e4 koko kauden ajan Crosskardin valmisteluasetuksissa ja telemetriatietojen analysoinnissa.[\/vc_column_text][\/vc_column][\/vc_row][vc_row][vc_column width=&#8221;1\/4&#8243;][vc_column_text css=&#8221;&#8221;]<img decoding=\"async\" class=\"size-medium wp-image-2053 aligncenter\" src=\"https:\/\/www.speedcar.ee\/wp-content\/uploads\/2023\/12\/DA36AA28-7DFD-4F57-81A5-29A829AC3058-300x225.jpeg\" alt=\"\" width=\"300\" height=\"225\" srcset=\"https:\/\/www.speedcar.ee\/wp-content\/uploads\/2023\/12\/DA36AA28-7DFD-4F57-81A5-29A829AC3058-300x225.jpeg 300w, https:\/\/www.speedcar.ee\/wp-content\/uploads\/2023\/12\/DA36AA28-7DFD-4F57-81A5-29A829AC3058-1024x769.jpeg 1024w, https:\/\/www.speedcar.ee\/wp-content\/uploads\/2023\/12\/DA36AA28-7DFD-4F57-81A5-29A829AC3058-768x577.jpeg 768w, https:\/\/www.speedcar.ee\/wp-content\/uploads\/2023\/12\/DA36AA28-7DFD-4F57-81A5-29A829AC3058-1320x992.jpeg 1320w, https:\/\/www.speedcar.ee\/wp-content\/uploads\/2023\/12\/DA36AA28-7DFD-4F57-81A5-29A829AC3058-600x451.jpeg 600w, https:\/\/www.speedcar.ee\/wp-content\/uploads\/2023\/12\/DA36AA28-7DFD-4F57-81A5-29A829AC3058.jpeg 1440w\" sizes=\"(max-width: 300px) 100vw, 300px\" \/>[\/vc_column_text][\/vc_column][vc_column width=&#8221;3\/4&#8243;][vc_column_text css=&#8221;&#8221;]<strong>2022 Martin Juga FIA Motorsport Games.<\/strong> Olimme paikalla antamassa neuvoja ja apua nuorelle moottoriurheiluurheilijalle, joka edusti Viroa Ranskassa.[\/vc_column_text][\/vc_column][\/vc_row]<\/p>\n","protected":false},"excerpt":{"rendered":"<p>[vc_row][vc_column][vc_column_text css=&#8221;&#8221;]Liity kanssamme t\u00e4lle matkalle tukemaan ja inspiroimaan seuraavan sukupolven moottoriurheilun harrastajia![\/vc_column_text][\/vc_column][\/vc_row][vc_row][vc_column width=&#8221;1\/4&#8243;][vc_column_text css=&#8221;&#8221;][\/vc_column_text][\/vc_column][vc_column width=&#8221;3\/4&#8243;][vc_column_text css=&#8221;&#8221;]2023 Geir Genor Muttik. J\u00e4\u00e4rata Cup -kilpailut Crosskart 125. 1. sija. Viron rallicrossissa 2. sija. Autimme Genoria valmistautumaan Crosskartiin, analysoimaan telemetriatietoja, j\u00e4rjest\u00e4m\u00e4\u00e4n koulutusta ja l\u00f6yt\u00e4m\u00e4\u00e4n tarvittavat sedimentit.[\/vc_column_text][\/vc_column][vc_column][\/vc_column][\/vc_row][vc_row][vc_column width=&#8221;1\/4&#8243;][vc_column_text css=&#8221;&#8221;][\/vc_column_text][\/vc_column][vc_column width=&#8221;3\/4&#8243;][vc_column_text css=&#8221;&#8221;]2023 Martin Juga. Rally Nordic X 6. sija kauden yhteenvedossa. [&hellip;]<\/p>\n","protected":false},"author":1,"featured_media":0,"parent":0,"menu_order":0,"comment_status":"closed","ping_status":"closed","template":"","meta":{"_monsterinsights_skip_tracking":false,"_monsterinsights_sitenote_active":false,"_monsterinsights_sitenote_note":"","_monsterinsights_sitenote_category":0,"site-sidebar-layout":"no-sidebar","site-content-layout":"plain-container","ast-site-content-layout":"default","site-content-style":"default","site-sidebar-style":"default","ast-global-header-display":"","ast-banner-title-visibility":"","ast-main-header-display":"","ast-hfb-above-header-display":"","ast-hfb-below-header-display":"","ast-hfb-mobile-header-display":"","site-post-title":"","ast-breadcrumbs-content":"","ast-featured-img":"disabled","footer-sml-layout":"","ast-disable-related-posts":"","theme-transparent-header-meta":"default","adv-header-id-meta":"","stick-header-meta":"","header-above-stick-meta":"","header-main-stick-meta":"","header-below-stick-meta":"","astra-migrate-meta-layouts":"default","ast-page-background-enabled":"default","ast-page-background-meta":{"desktop":{"background-color":"","background-image":"","background-repeat":"repeat","background-position":"center center","background-size":"auto","background-attachment":"scroll","background-type":"","background-media":"","overlay-type":"","overlay-color":"","overlay-opacity":"","overlay-gradient":""},"tablet":{"background-color":"","background-image":"","background-repeat":"repeat","background-position":"center center","background-size":"auto","background-attachment":"scroll","background-type":"","background-media":"","overlay-type":"","overlay-color":"","overlay-opacity":"","overlay-gradient":""},"mobile":{"background-color":"","background-image":"","background-repeat":"repeat","background-position":"center center","background-size":"auto","background-attachment":"scroll","background-type":"","background-media":"","overlay-type":"","overlay-color":"","overlay-opacity":"","overlay-gradient":""}},"ast-content-background-meta":{"desktop":{"background-color":"var(--ast-global-color-5)","background-image":"","background-repeat":"repeat","background-position":"center center","background-size":"auto","background-attachment":"scroll","background-type":"","background-media":"","overlay-type":"","overlay-color":"","overlay-opacity":"","overlay-gradient":""},"tablet":{"background-color":"var(--ast-global-color-5)","background-image":"","background-repeat":"repeat","background-position":"center center","background-size":"auto","background-attachment":"scroll","background-type":"","background-media":"","overlay-type":"","overlay-color":"","overlay-opacity":"","overlay-gradient":""},"mobile":{"background-color":"var(--ast-global-color-5)","background-image":"","background-repeat":"repeat","background-position":"center center","background-size":"auto","background-attachment":"scroll","background-type":"","background-media":"","overlay-type":"","overlay-color":"","overlay-opacity":"","overlay-gradient":""}},"footnotes":""},"class_list":["post-4742","page","type-page","status-publish","hentry"],"aioseo_notices":[],"jetpack_sharing_enabled":true,"_links":{"self":[{"href":"https:\/\/www.speedcar.ee\/fi\/wp-json\/wp\/v2\/pages\/4742","targetHints":{"allow":["GET"]}}],"collection":[{"href":"https:\/\/www.speedcar.ee\/fi\/wp-json\/wp\/v2\/pages"}],"about":[{"href":"https:\/\/www.speedcar.ee\/fi\/wp-json\/wp\/v2\/types\/page"}],"author":[{"embeddable":true,"href":"https:\/\/www.speedcar.ee\/fi\/wp-json\/wp\/v2\/users\/1"}],"replies":[{"embeddable":true,"href":"https:\/\/www.speedcar.ee\/fi\/wp-json\/wp\/v2\/comments?post=4742"}],"version-history":[{"count":0,"href":"https:\/\/www.speedcar.ee\/fi\/wp-json\/wp\/v2\/pages\/4742\/revisions"}],"wp:attachment":[{"href":"https:\/\/www.speedcar.ee\/fi\/wp-json\/wp\/v2\/media?parent=4742"}],"curies":[{"name":"wp","href":"https:\/\/api.w.org\/{rel}","templated":true}]}}