{"id":1742,"date":"2023-11-09T14:35:27","date_gmt":"2023-11-09T14:35:27","guid":{"rendered":"https:\/\/www.speedcar.ee\/?page_id=1742"},"modified":"2024-09-14T11:46:24","modified_gmt":"2024-09-14T11:46:24","slug":"speedcar-proto-250cc-junior-2","status":"publish","type":"page","link":"https:\/\/www.speedcar.ee\/fi\/speedcar-proto-250cc-junior-2\/","title":{"rendered":"SPC Proto 250cc Junior"},"content":{"rendered":"\t\t<div data-elementor-type=\"wp-page\" data-elementor-id=\"1742\" class=\"elementor elementor-1742\">\n\t\t\t\t\t\t<section class=\"elementor-section elementor-top-section elementor-element elementor-element-4bflo6q elementor-section-content-middle elementor-section-boxed elementor-section-height-default elementor-section-height-default\" data-id=\"4bflo6q\" data-element_type=\"section\" data-e-type=\"section\" data-settings=\"{&quot;background_background&quot;:&quot;classic&quot;}\">\n\t\t\t\t\t\t\t<div class=\"elementor-background-overlay\"><\/div>\n\t\t\t\t\t\t\t<div class=\"elementor-container elementor-column-gap-no\">\n\t\t\t\t\t<div class=\"elementor-column elementor-col-100 elementor-top-column elementor-element elementor-element-60772b1\" data-id=\"60772b1\" data-element_type=\"column\" data-e-type=\"column\">\n\t\t\t<div class=\"elementor-widget-wrap elementor-element-populated\">\n\t\t\t\t\t\t<div class=\"elementor-element elementor-element-d96df44 elementor-widget elementor-widget-heading\" data-id=\"d96df44\" data-element_type=\"widget\" data-e-type=\"widget\" data-widget_type=\"heading.default\">\n\t\t\t\t<div class=\"elementor-widget-container\">\n\t\t\t\t\t<h5 class=\"elementor-heading-title elementor-size-default\">Vastab k\u00f5ikidele P\u00f5hja-Euroopa riikide tehnilistele tingimustele. <\/h5>\t\t\t\t<\/div>\n\t\t\t\t<\/div>\n\t\t\t\t<div class=\"elementor-element elementor-element-7872c98 elementor-widget elementor-widget-heading\" data-id=\"7872c98\" data-element_type=\"widget\" data-e-type=\"widget\" data-widget_type=\"heading.default\">\n\t\t\t\t<div class=\"elementor-widget-container\">\n\t\t\t\t\t<h2 class=\"elementor-heading-title elementor-size-default\">Miks selline valik<\/h2>\t\t\t\t<\/div>\n\t\t\t\t<\/div>\n\t\t\t\t<section class=\"elementor-section elementor-inner-section elementor-element elementor-element-0834d95 elementor-section-boxed elementor-section-height-default elementor-section-height-default\" data-id=\"0834d95\" data-element_type=\"section\" data-e-type=\"section\">\n\t\t\t\t\t\t<div class=\"elementor-container elementor-column-gap-no\">\n\t\t\t\t\t<div class=\"elementor-column elementor-col-25 elementor-inner-column elementor-element elementor-element-9f2b31d\" data-id=\"9f2b31d\" data-element_type=\"column\" data-e-type=\"column\">\n\t\t\t<div class=\"elementor-widget-wrap elementor-element-populated\">\n\t\t\t\t\t\t<div class=\"elementor-element elementor-element-03e7550 elementor-widget elementor-widget-heading\" data-id=\"03e7550\" data-element_type=\"widget\" data-e-type=\"widget\" data-widget_type=\"heading.default\">\n\t\t\t\t<div class=\"elementor-widget-container\">\n\t\t\t\t\t<h3 class=\"elementor-heading-title elementor-size-default\">Ohutus<\/h3>\t\t\t\t<\/div>\n\t\t\t\t<\/div>\n\t\t\t\t<div class=\"elementor-element elementor-element-f9417bc elementor-widget elementor-widget-text-editor\" data-id=\"f9417bc\" data-element_type=\"widget\" data-e-type=\"widget\" data-widget_type=\"text-editor.default\">\n\t\t\t\t<div class=\"elementor-widget-container\">\n\t\t\t\t\t\t\t\t\t<p>Ehitatud turvalisemaks kui 2024 NEZ Crosskart reeglid ette n\u00e4evad.\u00a0<\/p>\t\t\t\t\t\t\t\t<\/div>\n\t\t\t\t<\/div>\n\t\t\t\t\t<\/div>\n\t\t<\/div>\n\t\t\t\t<div class=\"elementor-column elementor-col-25 elementor-inner-column elementor-element elementor-element-988710c\" data-id=\"988710c\" data-element_type=\"column\" data-e-type=\"column\">\n\t\t\t<div class=\"elementor-widget-wrap elementor-element-populated\">\n\t\t\t\t\t\t<div class=\"elementor-element elementor-element-adf7c99 elementor-widget elementor-widget-image\" data-id=\"adf7c99\" data-element_type=\"widget\" data-e-type=\"widget\" data-widget_type=\"image.default\">\n\t\t\t\t<div class=\"elementor-widget-container\">\n\t\t\t\t\t\t\t\t\t\t\t\t\t\t\t<img fetchpriority=\"high\" decoding=\"async\" width=\"768\" height=\"1024\" src=\"https:\/\/www.speedcar.ee\/wp-content\/uploads\/2023\/11\/IMG_3639-768x1024.jpeg\" class=\"attachment-large size-large wp-image-1822\" alt=\"\" srcset=\"https:\/\/www.speedcar.ee\/wp-content\/uploads\/2023\/11\/IMG_3639-768x1024.jpeg 768w, https:\/\/www.speedcar.ee\/wp-content\/uploads\/2023\/11\/IMG_3639-225x300.jpeg 225w, https:\/\/www.speedcar.ee\/wp-content\/uploads\/2023\/11\/IMG_3639-1152x1536.jpeg 1152w, https:\/\/www.speedcar.ee\/wp-content\/uploads\/2023\/11\/IMG_3639-1536x2048.jpeg 1536w, https:\/\/www.speedcar.ee\/wp-content\/uploads\/2023\/11\/IMG_3639-1320x1760.jpeg 1320w, https:\/\/www.speedcar.ee\/wp-content\/uploads\/2023\/11\/IMG_3639-600x800.jpeg 600w, https:\/\/www.speedcar.ee\/wp-content\/uploads\/2023\/11\/IMG_3639-scaled.jpeg 1440w\" sizes=\"(max-width: 768px) 100vw, 768px\" \/>\t\t\t\t\t\t\t\t\t\t\t\t\t\t\t<\/div>\n\t\t\t\t<\/div>\n\t\t\t\t<div class=\"elementor-element elementor-element-36b7580 elementor-widget elementor-widget-heading\" data-id=\"36b7580\" data-element_type=\"widget\" data-e-type=\"widget\" data-widget_type=\"heading.default\">\n\t\t\t\t<div class=\"elementor-widget-container\">\n\t\t\t\t\t<h3 class=\"elementor-heading-title elementor-size-default\">Asend<\/h3>\t\t\t\t<\/div>\n\t\t\t\t<\/div>\n\t\t\t\t<div class=\"elementor-element elementor-element-8b13322 elementor-widget elementor-widget-text-editor\" data-id=\"8b13322\" data-element_type=\"widget\" data-e-type=\"widget\" data-widget_type=\"text-editor.default\">\n\t\t\t\t<div class=\"elementor-widget-container\">\n\t\t\t\t\t\t\t\t\t<p>S\u00f5itja asend pedaalide ja rooli suhtes on ideaalselt joondatud. Pedaalid p\u00e4rinevad\u00a0 Wonder mudelilt, mille reguleerimisv\u00f5imalused t\u00e4idavad ka k\u00f5ige n\u00f5udlikuma kliendi soovid.<\/p>\t\t\t\t\t\t\t\t<\/div>\n\t\t\t\t<\/div>\n\t\t\t\t\t<\/div>\n\t\t<\/div>\n\t\t\t\t<div class=\"elementor-column elementor-col-25 elementor-inner-column elementor-element elementor-element-e78192b\" data-id=\"e78192b\" data-element_type=\"column\" data-e-type=\"column\">\n\t\t\t<div class=\"elementor-widget-wrap elementor-element-populated\">\n\t\t\t\t\t\t<div class=\"elementor-element elementor-element-859f95d elementor-widget elementor-widget-image\" data-id=\"859f95d\" data-element_type=\"widget\" data-e-type=\"widget\" data-widget_type=\"image.default\">\n\t\t\t\t<div class=\"elementor-widget-container\">\n\t\t\t\t\t\t\t\t\t\t\t\t\t\t\t<img decoding=\"async\" width=\"768\" height=\"1024\" src=\"https:\/\/www.speedcar.ee\/wp-content\/uploads\/2023\/11\/IMG_3676-768x1024.jpeg\" class=\"attachment-large size-large wp-image-1845\" alt=\"\" srcset=\"https:\/\/www.speedcar.ee\/wp-content\/uploads\/2023\/11\/IMG_3676-768x1024.jpeg 768w, https:\/\/www.speedcar.ee\/wp-content\/uploads\/2023\/11\/IMG_3676-225x300.jpeg 225w, https:\/\/www.speedcar.ee\/wp-content\/uploads\/2023\/11\/IMG_3676-1152x1536.jpeg 1152w, https:\/\/www.speedcar.ee\/wp-content\/uploads\/2023\/11\/IMG_3676-1536x2048.jpeg 1536w, https:\/\/www.speedcar.ee\/wp-content\/uploads\/2023\/11\/IMG_3676-1320x1760.jpeg 1320w, https:\/\/www.speedcar.ee\/wp-content\/uploads\/2023\/11\/IMG_3676-600x800.jpeg 600w, https:\/\/www.speedcar.ee\/wp-content\/uploads\/2023\/11\/IMG_3676-scaled.jpeg 1440w\" sizes=\"(max-width: 768px) 100vw, 768px\" \/>\t\t\t\t\t\t\t\t\t\t\t\t\t\t\t<\/div>\n\t\t\t\t<\/div>\n\t\t\t\t<div class=\"elementor-element elementor-element-b46873a elementor-widget elementor-widget-heading\" data-id=\"b46873a\" data-element_type=\"widget\" data-e-type=\"widget\" data-widget_type=\"heading.default\">\n\t\t\t\t<div class=\"elementor-widget-container\">\n\t\t\t\t\t<h3 class=\"elementor-heading-title elementor-size-default\">Veermik<\/h3>\t\t\t\t<\/div>\n\t\t\t\t<\/div>\n\t\t\t\t<div class=\"elementor-element elementor-element-34061c0 elementor-widget elementor-widget-text-editor\" data-id=\"34061c0\" data-element_type=\"widget\" data-e-type=\"widget\" data-widget_type=\"text-editor.default\">\n\t\t\t\t<div class=\"elementor-widget-container\">\n\t\t\t\t\t\t\t\t\t<p>P\u00f5hineb Wonder detailidel, mis on t\u00f5estanud oma head vastupidavust Rally Nordic X sarjas Scandinaavia radadel.\u00a0 Lihtne saadavus. suur laoseis.\u00a0<\/p>\t\t\t\t\t\t\t\t<\/div>\n\t\t\t\t<\/div>\n\t\t\t\t\t<\/div>\n\t\t<\/div>\n\t\t\t\t<div class=\"elementor-column elementor-col-25 elementor-inner-column elementor-element elementor-element-8ee4ec1\" data-id=\"8ee4ec1\" data-element_type=\"column\" data-e-type=\"column\">\n\t\t\t<div class=\"elementor-widget-wrap elementor-element-populated\">\n\t\t\t\t\t\t<div class=\"elementor-element elementor-element-cbfa00e elementor-widget elementor-widget-image\" data-id=\"cbfa00e\" data-element_type=\"widget\" data-e-type=\"widget\" data-widget_type=\"image.default\">\n\t\t\t\t<div class=\"elementor-widget-container\">\n\t\t\t\t\t\t\t\t\t\t\t\t\t\t\t<img decoding=\"async\" width=\"576\" height=\"1024\" src=\"https:\/\/www.speedcar.ee\/wp-content\/uploads\/2023\/11\/PHOTO-2023-10-07-19-29-25-576x1024.jpg\" class=\"attachment-large size-large wp-image-1846\" alt=\"\" srcset=\"https:\/\/www.speedcar.ee\/wp-content\/uploads\/2023\/11\/PHOTO-2023-10-07-19-29-25-576x1024.jpg 576w, https:\/\/www.speedcar.ee\/wp-content\/uploads\/2023\/11\/PHOTO-2023-10-07-19-29-25-169x300.jpg 169w, https:\/\/www.speedcar.ee\/wp-content\/uploads\/2023\/11\/PHOTO-2023-10-07-19-29-25-768x1365.jpg 768w, https:\/\/www.speedcar.ee\/wp-content\/uploads\/2023\/11\/PHOTO-2023-10-07-19-29-25-864x1536.jpg 864w, https:\/\/www.speedcar.ee\/wp-content\/uploads\/2023\/11\/PHOTO-2023-10-07-19-29-25-600x1067.jpg 600w, https:\/\/www.speedcar.ee\/wp-content\/uploads\/2023\/11\/PHOTO-2023-10-07-19-29-25.jpg 1134w\" sizes=\"(max-width: 576px) 100vw, 576px\" \/>\t\t\t\t\t\t\t\t\t\t\t\t\t\t\t<\/div>\n\t\t\t\t<\/div>\n\t\t\t\t<div class=\"elementor-element elementor-element-2edef0d elementor-widget elementor-widget-heading\" data-id=\"2edef0d\" data-element_type=\"widget\" data-e-type=\"widget\" data-widget_type=\"heading.default\">\n\t\t\t\t<div class=\"elementor-widget-container\">\n\t\t\t\t\t<h3 class=\"elementor-heading-title elementor-size-default\">Vedrustus<\/h3>\t\t\t\t<\/div>\n\t\t\t\t<\/div>\n\t\t\t\t<div class=\"elementor-element elementor-element-af0c249 elementor-widget elementor-widget-text-editor\" data-id=\"af0c249\" data-element_type=\"widget\" data-e-type=\"widget\" data-widget_type=\"text-editor.default\">\n\t\t\t\t<div class=\"elementor-widget-container\">\n\t\t\t\t\t\t\t\t\t<p>Totaltek on ennast t\u00f5estanud nii Eestis Soomes kui ka Rally Nordic X sarjas. P\u00f5hineb\u00a0 Wonder Junior 600 ettevalmistusel, mis kohandatud Proto 250cc kaalule ja veermiku erip\u00e4rale.<\/p>\t\t\t\t\t\t\t\t<\/div>\n\t\t\t\t<\/div>\n\t\t\t\t\t<\/div>\n\t\t<\/div>\n\t\t\t\t\t<\/div>\n\t\t<\/section>\n\t\t\t\t\t<\/div>\n\t\t<\/div>\n\t\t\t\t\t<\/div>\n\t\t<\/section>\n\t\t<div class=\"elementor-element elementor-element-1dbf6871 e-flex e-con-boxed e-con e-parent\" data-id=\"1dbf6871\" data-element_type=\"container\" data-e-type=\"container\">\n\t\t\t\t\t<div class=\"e-con-inner\">\n\t\t\t\t<div class=\"elementor-element elementor-element-6985adaa elementor-widget elementor-widget-text-editor\" data-id=\"6985adaa\" data-element_type=\"widget\" data-e-type=\"widget\" data-widget_type=\"text-editor.default\">\n\t\t\t\t<div class=\"elementor-widget-container\">\n\t\t\t\t\t\t\t\t\t<p><img loading=\"lazy\" decoding=\"async\" class=\"alignnone size-medium wp-image-1702\" src=\"https:\/\/www.speedcar.ee\/wp-content\/uploads\/2023\/11\/Totaltek_Racing_Suspension_logo-300x121.jpeg\" sizes=\"(max-width: 300px) 100vw, 300px\" srcset=\"https:\/\/www.speedcar.ee\/wp-content\/uploads\/2023\/11\/Totaltek_Racing_Suspension_logo-300x121.jpeg 300w, https:\/\/www.speedcar.ee\/wp-content\/uploads\/2023\/11\/Totaltek_Racing_Suspension_logo-1024x413.jpeg 1024w, https:\/\/www.speedcar.ee\/wp-content\/uploads\/2023\/11\/Totaltek_Racing_Suspension_logo-768x310.jpeg 768w, https:\/\/www.speedcar.ee\/wp-content\/uploads\/2023\/11\/Totaltek_Racing_Suspension_logo-1536x619.jpeg 1536w, https:\/\/www.speedcar.ee\/wp-content\/uploads\/2023\/11\/Totaltek_Racing_Suspension_logo-1320x532.jpeg 1320w, https:\/\/www.speedcar.ee\/wp-content\/uploads\/2023\/11\/Totaltek_Racing_Suspension_logo-600x242.jpeg 600w, https:\/\/www.speedcar.ee\/wp-content\/uploads\/2023\/11\/Totaltek_Racing_Suspension_logo.jpeg 2000w\" alt=\"\" width=\"300\" height=\"121\"><\/p>\n<p>MOOTOR. KTM\/Husqvarna\/Yamaha 250cc 4-takti<\/p>\n<ul>\n<li>K\u00c4IGUKAST. 6 k\u00e4iguline j\u00e4rjestikl\u00fclitusega<\/li>\n<li>JAHUTUS. Vesijahutus<\/li>\n<li>VEDRUSTUS.&nbsp; TOTALTEK&nbsp; One Way Junior<\/li>\n<li>PIDURID.&nbsp; Brembo ventileeritav<\/li>\n<li>V\u00c4LJALASE. FMF<\/li>\n<li>K\u00c4IVITUS. Elektri starter nupuga<\/li>\n<li>N\u00c4IDI.&nbsp; Micron 5 2ST<\/li>\n<li>VELJED.&nbsp; Braid<\/li>\n<li>KERE PLASTIKUD.&nbsp; ABS<\/li>\n<li>PEDALBOX.&nbsp; &nbsp;Wonder<\/li>\n<li>TORURAAM. P\u00f5hikarkass 40mm l\u00e4bim\u00f5\u00f5t<\/li>\n<\/ul>\n<p>RENDI HIND ALATES 600.-<\/p>\n<p>Hinnale lisandub k\u00e4ibemaks.<\/p>\n<p><br><\/p>\t\t\t\t\t\t\t\t<\/div>\n\t\t\t\t<\/div>\n\t\t\t\t\t<\/div>\n\t\t\t\t<\/div>\n\t\t\t\t<\/div>\n\t\t","protected":false},"excerpt":{"rendered":"<p>Vastab k\u00f5ikidele P\u00f5hja-Euroopa riikide tehnilistele tingimustele. Miks selline valik Ohutus Ehitatud turvalisemaks kui 2024 NEZ Crosskart reeglid ette n\u00e4evad. Asend S\u00f5itja asend pedaalide ja rooli suhtes on ideaalselt joondatud. Pedaalid p\u00e4rinevad\u00a0 Wonder mudelilt, mille reguleerimisv\u00f5imalused t\u00e4idavad ka k\u00f5ige n\u00f5udlikuma kliendi soovid. Veermik P\u00f5hineb Wonder detailidel, mis on t\u00f5estanud oma head vastupidavust Rally Nordic X sarjas [&hellip;]<\/p>\n","protected":false},"author":1,"featured_media":0,"parent":0,"menu_order":0,"comment_status":"closed","ping_status":"closed","template":"","meta":{"_monsterinsights_skip_tracking":false,"_monsterinsights_sitenote_active":false,"_monsterinsights_sitenote_note":"","_monsterinsights_sitenote_category":0,"site-sidebar-layout":"no-sidebar","site-content-layout":"","ast-site-content-layout":"normal-width-container","site-content-style":"boxed","site-sidebar-style":"default","ast-global-header-display":"","ast-banner-title-visibility":"","ast-main-header-display":"","ast-hfb-above-header-display":"","ast-hfb-below-header-display":"","ast-hfb-mobile-header-display":"","site-post-title":"","ast-breadcrumbs-content":"","ast-featured-img":"","footer-sml-layout":"","ast-disable-related-posts":"","theme-transparent-header-meta":"disabled","adv-header-id-meta":"","stick-header-meta":"","header-above-stick-meta":"","header-main-stick-meta":"","header-below-stick-meta":"","astra-migrate-meta-layouts":"set","ast-page-background-enabled":"default","ast-page-background-meta":{"desktop":{"background-color":"","background-image":"","background-repeat":"repeat","background-position":"center center","background-size":"auto","background-attachment":"scroll","background-type":"","background-media":"","overlay-type":"","overlay-color":"","overlay-opacity":"","overlay-gradient":""},"tablet":{"background-color":"","background-image":"","background-repeat":"repeat","background-position":"center center","background-size":"auto","background-attachment":"scroll","background-type":"","background-media":"","overlay-type":"","overlay-color":"","overlay-opacity":"","overlay-gradient":""},"mobile":{"background-color":"","background-image":"","background-repeat":"repeat","background-position":"center center","background-size":"auto","background-attachment":"scroll","background-type":"","background-media":"","overlay-type":"","overlay-color":"","overlay-opacity":"","overlay-gradient":""}},"ast-content-background-meta":{"desktop":{"background-color":"var(--ast-global-color-5)","background-image":"","background-repeat":"repeat","background-position":"center center","background-size":"auto","background-attachment":"scroll","background-type":"","background-media":"","overlay-type":"","overlay-color":"","overlay-opacity":"","overlay-gradient":""},"tablet":{"background-color":"var(--ast-global-color-5)","background-image":"","background-repeat":"repeat","background-position":"center center","background-size":"auto","background-attachment":"scroll","background-type":"","background-media":"","overlay-type":"","overlay-color":"","overlay-opacity":"","overlay-gradient":""},"mobile":{"background-color":"var(--ast-global-color-5)","background-image":"","background-repeat":"repeat","background-position":"center center","background-size":"auto","background-attachment":"scroll","background-type":"","background-media":"","overlay-type":"","overlay-color":"","overlay-opacity":"","overlay-gradient":""}},"footnotes":""},"class_list":["post-1742","page","type-page","status-publish","hentry"],"aioseo_notices":[],"jetpack_sharing_enabled":true,"_links":{"self":[{"href":"https:\/\/www.speedcar.ee\/fi\/wp-json\/wp\/v2\/pages\/1742","targetHints":{"allow":["GET"]}}],"collection":[{"href":"https:\/\/www.speedcar.ee\/fi\/wp-json\/wp\/v2\/pages"}],"about":[{"href":"https:\/\/www.speedcar.ee\/fi\/wp-json\/wp\/v2\/types\/page"}],"author":[{"embeddable":true,"href":"https:\/\/www.speedcar.ee\/fi\/wp-json\/wp\/v2\/users\/1"}],"replies":[{"embeddable":true,"href":"https:\/\/www.speedcar.ee\/fi\/wp-json\/wp\/v2\/comments?post=1742"}],"version-history":[{"count":0,"href":"https:\/\/www.speedcar.ee\/fi\/wp-json\/wp\/v2\/pages\/1742\/revisions"}],"wp:attachment":[{"href":"https:\/\/www.speedcar.ee\/fi\/wp-json\/wp\/v2\/media?parent=1742"}],"curies":[{"name":"wp","href":"https:\/\/api.w.org\/{rel}","templated":true}]}}